{"id":47,"date":"2023-05-29T20:31:26","date_gmt":"2023-05-29T20:31:26","guid":{"rendered":"https:\/\/olma-om.pl\/?page_id=47"},"modified":"2023-05-30T07:36:49","modified_gmt":"2023-05-30T07:36:49","slug":"strona-startowa","status":"publish","type":"page","link":"https:\/\/olma-om.pl\/","title":{"rendered":"Strona startowa"},"content":{"rendered":"<p>[et_pb_section fb_built=&#8221;1&#8243; admin_label=&#8221;Header&#8221; _builder_version=&#8221;4.16&#8243; overflow-x=&#8221;hidden&#8221; overflow-y=&#8221;hidden&#8221; custom_padding=&#8221;2vw||||false|false&#8221; locked=&#8221;off&#8221; global_colors_info=&#8221;{}&#8221;][et_pb_row _builder_version=&#8221;4.16&#8243; global_colors_info=&#8221;{}&#8221;][et_pb_column type=&#8221;4_4&#8243; _builder_version=&#8221;4.16&#8243; global_colors_info=&#8221;{}&#8221;][et_pb_text _builder_version=&#8221;4.16&#8243; text_font=&#8221;Cutive Mono||||||||&#8221; text_text_color=&#8221;rgba(0,0,0,0.04)&#8221; text_font_size=&#8221;38vw&#8221; text_letter_spacing=&#8221;-0.12em&#8221; text_line_height=&#8221;0.5em&#8221; header_2_text_color=&#8221;#000000&#8243; positioning=&#8221;absolute&#8221; position_origin_a=&#8221;top_right&#8221; text_orientation=&#8221;right&#8221; custom_margin=&#8221;12%|-20vw|||false|false&#8221; global_colors_info=&#8221;{}&#8221;]<\/p>\n<p>Hi<\/p>\n<p>[\/et_pb_text][et_pb_text _builder_version=&#8221;4.21.0&#8243; header_font=&#8221;Cutive Mono||||||||&#8221; header_text_color=&#8221;#000000&#8243; header_font_size=&#8221;90px&#8221; header_letter_spacing=&#8221;-0.1em&#8221; header_2_text_color=&#8221;#000000&#8243; background_image=&#8221;https:\/\/olma-om.pl\/wp-content\/uploads\/2023\/05\/freelance-writer-06.png&#8221; background_size=&#8221;initial&#8221; background_position=&#8221;bottom_left&#8221; z_index=&#8221;1&#8243; header_font_size_tablet=&#8221;64px&#8221; header_font_size_phone=&#8221;32px&#8221; header_font_size_last_edited=&#8221;on|phone&#8221; header_letter_spacing_tablet=&#8221;-8px&#8221; header_letter_spacing_phone=&#8221;-4px&#8221; header_letter_spacing_last_edited=&#8221;off|tablet&#8221; global_colors_info=&#8221;{}&#8221;]<\/p>\n<h1>Cze\u015b\u0107! Jestem OLMA<\/h1>\n<p>[\/et_pb_text][et_pb_image src=&#8221;https:\/\/olma-om.pl\/wp-content\/uploads\/2023\/05\/freelance-writer-05.png&#8221; title_text=&#8221;freelance-writer-05&#8243; align=&#8221;center&#8221; _builder_version=&#8221;4.16&#8243; global_colors_info=&#8221;{}&#8221;][\/et_pb_image][\/et_pb_column][\/et_pb_row][et_pb_row column_structure=&#8221;3_5,2_5&#8243; _builder_version=&#8221;4.16&#8243; custom_margin=&#8221;2vw|auto||auto|false|false&#8221; global_colors_info=&#8221;{}&#8221;][et_pb_column type=&#8221;3_5&#8243; _builder_version=&#8221;4.16&#8243; global_colors_info=&#8221;{}&#8221;][et_pb_text _builder_version=&#8221;4.21.0&#8243; text_font=&#8221;Ubuntu||||||||&#8221; text_font_size=&#8221;16px&#8221; text_line_height=&#8221;1.8em&#8221; header_2_text_color=&#8221;#000000&#8243; custom_margin=&#8221;||||false|false&#8221; text_font_size_tablet=&#8221;14px&#8221; text_font_size_phone=&#8221;&#8221; text_font_size_last_edited=&#8221;on|phone&#8221; global_colors_info=&#8221;{}&#8221;]<\/p>\n<h3>Dzie\u0144 dobry bardzo \ud83d\ude42<\/h3>\n<p>&nbsp;<\/p>\n<p>Mam na imi\u0119 Ma\u0142gorzata, lecz na potrzeby mojej dzia\u0142alno\u015bci pisarskiej i nie tylko przybra\u0142am pseudonim OLMA .<\/p>\n<p>Witam wszystkich na mojej stronie i na moim blogu, kt\u00f3ry po\u015bwi\u0119cony b\u0119dzie najwi\u0119kszemu sukcesowi mojego \u017cycia \u2013 mojemu Synowi Wiktorowi. Je\u015bli chcecie dowiedzie\u0107 si\u0119 jak wychowa\u0107 szcz\u0119\u015bliwego geniusza \u2013 zapraszam serdecznie do lektury.<\/p>\n<p>Z wykszta\u0142cenia jestem filologiem rosyjskim i pedagogiem. Cz\u0119\u015b\u0107 studi\u00f3w odby\u0142am w Moskwie i tam te\u017c pisa\u0142am swoj\u0105 autorsk\u0105 prac\u0119 magistersk\u0105 na temat poezji Wielkiego Mistrza Bu\u0142ata Okud\u017cawy. Uko\u0144czy\u0142am tak\u017ce dwuletnie podyplomowe studia z zakresu dziennikarstwa, na kt\u00f3rych mia\u0142am zaszczyt i przyjemno\u015b\u0107 uczestniczy\u0107 w zaj\u0119ciach z Panem Profesorem Janem Miodkiem oraz Panem Profesorem Jerzym Bralczykiem. Jestem tak\u017ce absolwentk\u0105 studi\u00f3w podyplomowych dla nauczycieli wychowania fizycznego. Aktywno\u015b\u0107 fizyczna i zdrowy tryb \u017cycia zawsze by\u0142y dla mnie bardzo istotne. Moj\u0105 pasj\u0105, opr\u00f3cz pisania, s\u0105 podr\u00f3\u017ce, poznawanie nowych kultur, tradycji kulinarnych i historii.<\/p>\n<p>[\/et_pb_text][\/et_pb_column][et_pb_column type=&#8221;2_5&#8243; _builder_version=&#8221;4.16&#8243; global_colors_info=&#8221;{}&#8221;][et_pb_image src=&#8221;https:\/\/olma-om.pl\/wp-content\/uploads\/2023\/05\/20230424_080914-scaled-e1685428226802.jpg&#8221; title_text=&#8221;20230424_080914&#8243; _builder_version=&#8221;4.21.0&#8243; global_colors_info=&#8221;{}&#8221;][\/et_pb_image][et_pb_image src=&#8221;https:\/\/olma-om.pl\/wp-content\/uploads\/2023\/05\/freelance-writer-11-1.png&#8221; title_text=&#8221;freelance-writer-11&#8243; admin_label=&#8221;Image&#8221; _builder_version=&#8221;4.16&#8243; custom_margin=&#8221;-4vw|-20vw|-4vw|60px|true|false&#8221; custom_margin_tablet=&#8221;-10vw|60px|-10vw|-20vw|true|false&#8221; custom_margin_phone=&#8221;&#8221; custom_margin_last_edited=&#8221;on|tablet&#8221; locked=&#8221;off&#8221; global_colors_info=&#8221;{}&#8221;][\/et_pb_image][et_pb_social_media_follow _builder_version=&#8221;4.21.0&#8243; text_orientation=&#8221;center&#8221; border_radii=&#8221;on|30px|30px|30px|30px&#8221; locked=&#8221;off&#8221; global_colors_info=&#8221;{}&#8221;][\/et_pb_social_media_follow][\/et_pb_column][\/et_pb_row][\/et_pb_section][et_pb_section fb_built=&#8221;1&#8243; admin_label=&#8221;Philosophy&#8221; _builder_version=&#8221;4.16&#8243; background_image=&#8221;https:\/\/olma-om.pl\/wp-content\/uploads\/2023\/05\/freelance-writer-53-1.png&#8221; background_size=&#8221;initial&#8221; background_position=&#8221;top_center&#8221; custom_padding=&#8221;20px|||||&#8221; locked=&#8221;off&#8221; global_colors_info=&#8221;{}&#8221;][et_pb_row _builder_version=&#8221;4.16&#8243; locked=&#8221;off&#8221; global_colors_info=&#8221;{}&#8221;][et_pb_column type=&#8221;4_4&#8243; _builder_version=&#8221;4.16&#8243; global_colors_info=&#8221;{}&#8221;][et_pb_image src=&#8221;https:\/\/olma-om.pl\/wp-content\/uploads\/2023\/05\/freelance-writer-07.png&#8221; title_text=&#8221;freelance-writer-07&#8243; align=&#8221;center&#8221; _builder_version=&#8221;4.16&#8243; custom_margin=&#8221;||10px||false|false&#8221; locked=&#8221;off&#8221; global_colors_info=&#8221;{}&#8221;][\/et_pb_image][et_pb_text _builder_version=&#8221;4.21.0&#8243; header_2_font=&#8221;Cutive Mono||||||||&#8221; header_2_text_color=&#8221;#000000&#8243; header_2_font_size=&#8221;54px&#8221; header_2_letter_spacing=&#8221;-0.08em&#8221; background_image=&#8221;https:\/\/olma-om.pl\/wp-content\/uploads\/2023\/05\/freelance-writer-18.png&#8221; background_size=&#8221;initial&#8221; background_position=&#8221;bottom_center&#8221; z_index=&#8221;1&#8243; text_orientation=&#8221;center&#8221; header_2_font_size_tablet=&#8221;60px&#8221; header_2_font_size_phone=&#8221;30px&#8221; header_2_font_size_last_edited=&#8221;on|desktop&#8221; header_2_letter_spacing_tablet=&#8221;-6px&#8221; header_2_letter_spacing_last_edited=&#8221;off|phone&#8221; locked=&#8221;off&#8221; global_colors_info=&#8221;{}&#8221; header_2_2_font_size_tablet=&#8221;60px&#8221; header_3_2_font_size_tablet=&#8221;60px&#8221; header_4_2_font_size_tablet=&#8221;60px&#8221; header_5_2_font_size_tablet=&#8221;60px&#8221; header_6_2_font_size_tablet=&#8221;60px&#8221; header_2_2_font_size_phone=&#8221;30px&#8221; header_3_2_font_size_phone=&#8221;30px&#8221; header_4_2_font_size_phone=&#8221;30px&#8221; header_5_2_font_size_phone=&#8221;30px&#8221; header_6_2_font_size_phone=&#8221;30px&#8221; header_2_2_font_size_last_edited=&#8221;on|phone&#8221; header_3_2_font_size_last_edited=&#8221;on|phone&#8221; header_4_2_font_size_last_edited=&#8221;on|phone&#8221; header_5_2_font_size_last_edited=&#8221;on|phone&#8221; header_6_2_font_size_last_edited=&#8221;on|phone&#8221;]<\/p>\n<h2>Witaj Skarbie! <br \/>Jak dobrze Ci\u0119 widzie\u0107 i czu\u0107!\u201d<\/h2>\n<p>[\/et_pb_text][\/et_pb_column][\/et_pb_row][et_pb_row _builder_version=&#8221;4.16&#8243; global_colors_info=&#8221;{}&#8221;][et_pb_column type=&#8221;4_4&#8243; _builder_version=&#8221;4.16&#8243; global_colors_info=&#8221;{}&#8221;][et_pb_text _builder_version=&#8221;4.21.0&#8243; text_font=&#8221;Ubuntu||||||||&#8221; text_line_height=&#8221;1.8em&#8221; header_3_font=&#8221;Ubuntu|700|||||||&#8221; header_3_font_size=&#8221;18px&#8221; header_3_line_height=&#8221;1.4em&#8221; global_colors_info=&#8221;{}&#8221;]<\/p>\n<h3 style=\"text-align: center;\">Od wielu lat to moje motto! Kocham \u017cycie i ka\u017cdego dnia rano mu to m\u00f3wi\u0119 \ud83d\ude42<\/h3>\n<p>[\/et_pb_text][\/et_pb_column][\/et_pb_row][\/et_pb_section][et_pb_section fb_built=&#8221;1&#8243; admin_label=&#8221;Footer&#8221; _builder_version=&#8221;4.21.0&#8243; background_color=&#8221;#ffffff&#8221; border_width_top=&#8221;1px&#8221; global_module=&#8221;122&#8243; saved_tabs=&#8221;all&#8221; locked=&#8221;off&#8221; global_colors_info=&#8221;{}&#8221;][et_pb_row column_structure=&#8221;1_2,1_2&#8243; _builder_version=&#8221;4.21.0&#8243; custom_css_main_element=&#8221;overflow: visible !important;&#8221; global_colors_info=&#8221;{}&#8221;][et_pb_column type=&#8221;1_2&#8243; _builder_version=&#8221;4.16&#8243; global_colors_info=&#8221;{}&#8221;][et_pb_text _builder_version=&#8221;4.21.0&#8243; text_font=&#8221;Ubuntu||||||||&#8221; text_font_size=&#8221;16px&#8221; text_line_height=&#8221;1.8em&#8221; link_text_color=&#8221;#666666&#8243; header_2_text_color=&#8221;#000000&#8243; header_3_font=&#8221;Ubuntu|700|||||||&#8221; header_3_line_height=&#8221;1.5em&#8221; hover_enabled=&#8221;0&#8243; text_font_size_tablet=&#8221;&#8221; text_font_size_phone=&#8221;14px&#8221; text_font_size_last_edited=&#8221;on|phone&#8221; global_colors_info=&#8221;{}&#8221; link_text_color__hover_enabled=&#8221;on|desktop&#8221; link_text_color__hover=&#8221;#FF4200&#8243; sticky_enabled=&#8221;0&#8243;]<\/p>\n<h3>Przegl\u0105daj stron\u0119<\/h3>\n<p>&nbsp;<\/p>\n<p><a href=\"https:\/\/olma-om.pl\/index.php\/oferta\/\">Oferta i us\u0142ugi<\/a><\/p>\n<p><a href=\"https:\/\/olma-om.pl\/index.php\/blog\/\">Blog &#8221; Jak wychowa\u0107 szcz\u0119\u015bliwego geniusza&#8221;<\/a><\/p>\n<p><a href=\"https:\/\/olma-om.pl\/index.php\/moja-ksiazka\/\">Moja ksi\u0105\u017cka czyli &#8221; Historie prawdziwe&#8221;<\/a><\/p>\n<p><a href=\"https:\/\/olma-om.pl\/index.php\/aktualnosci\/\">Aktualno\u015bci, ciekawostki, porady czyli z \u017cycia wzi\u0119te&#8230;<\/a><\/p>\n<p>[\/et_pb_text][\/et_pb_column][et_pb_column type=&#8221;1_2&#8243; _builder_version=&#8221;4.16&#8243; global_colors_info=&#8221;{}&#8221;][et_pb_text _builder_version=&#8221;4.21.0&#8243; text_font=&#8221;Ubuntu||||||||&#8221; text_font_size=&#8221;16px&#8221; text_line_height=&#8221;1.8em&#8221; link_text_color=&#8221;#666666&#8243; header_2_text_color=&#8221;#000000&#8243; header_3_font=&#8221;Ubuntu|700|||||||&#8221; header_3_line_height=&#8221;1.5em&#8221; custom_margin=&#8221;||6px|||&#8221; text_font_size_tablet=&#8221;&#8221; text_font_size_phone=&#8221;14px&#8221; text_font_size_last_edited=&#8221;on|phone&#8221; global_colors_info=&#8221;{}&#8221; link_text_color__hover_enabled=&#8221;on|desktop&#8221; link_text_color__hover=&#8221;#FF4200&#8243;]<\/p>\n<h3>Napisz do mnie<\/h3>\n<p>[\/et_pb_text][et_pb_contact_form email=&#8221;kontakt@olma-om.pl&#8221; custom_message=&#8221;Wiadomo\u015b\u0107 z bloga:||et_pb_line_break_holder||%%Name%%||et_pb_line_break_holder||%%Email%%||et_pb_line_break_holder||%%Message%%&#8221; success_message=&#8221;Dzi\u0119kuj\u0119! Twoja wiadomo\u015b\u0107 ju\u017c do mnie dotar\u0142a &#8211; spodziewaj si\u0119 nied\u0142ugo odpowiedzi!&#8221; _builder_version=&#8221;4.21.0&#8243; _module_preset=&#8221;default&#8221; _unique_id=&#8221;d1e570ee-be3c-4838-9925-ad77936c5cec&#8221; custom_button=&#8221;on&#8221; button_text_color=&#8221;#000000&#8243; global_colors_info=&#8221;{}&#8221;][et_pb_contact_field field_id=&#8221;Name&#8221; field_title=&#8221;Imi\u0119&#8221; _builder_version=&#8221;4.21.0&#8243; global_colors_info=&#8221;{}&#8221; button_text_size__hover_enabled=&#8221;off&#8221; button_one_text_size__hover_enabled=&#8221;off&#8221; button_two_text_size__hover_enabled=&#8221;off&#8221; button_text_color__hover_enabled=&#8221;off&#8221; button_one_text_color__hover_enabled=&#8221;off&#8221; button_two_text_color__hover_enabled=&#8221;off&#8221; button_border_width__hover_enabled=&#8221;off&#8221; button_one_border_width__hover_enabled=&#8221;off&#8221; button_two_border_width__hover_enabled=&#8221;off&#8221; button_border_color__hover_enabled=&#8221;off&#8221; button_one_border_color__hover_enabled=&#8221;off&#8221; button_two_border_color__hover_enabled=&#8221;off&#8221; button_border_radius__hover_enabled=&#8221;off&#8221; button_one_border_radius__hover_enabled=&#8221;off&#8221; button_two_border_radius__hover_enabled=&#8221;off&#8221; button_letter_spacing__hover_enabled=&#8221;off&#8221; button_one_letter_spacing__hover_enabled=&#8221;off&#8221; button_two_letter_spacing__hover_enabled=&#8221;off&#8221; button_bg_color__hover_enabled=&#8221;off&#8221; button_one_bg_color__hover_enabled=&#8221;off&#8221; button_two_bg_color__hover_enabled=&#8221;off&#8221;][\/et_pb_contact_field][et_pb_contact_field field_id=&#8221;Email&#8221; field_title=&#8221;Adres email&#8221; field_type=&#8221;email&#8221; _builder_version=&#8221;4.21.0&#8243; global_colors_info=&#8221;{}&#8221; button_text_size__hover_enabled=&#8221;off&#8221; button_one_text_size__hover_enabled=&#8221;off&#8221; button_two_text_size__hover_enabled=&#8221;off&#8221; button_text_color__hover_enabled=&#8221;off&#8221; button_one_text_color__hover_enabled=&#8221;off&#8221; button_two_text_color__hover_enabled=&#8221;off&#8221; button_border_width__hover_enabled=&#8221;off&#8221; button_one_border_width__hover_enabled=&#8221;off&#8221; button_two_border_width__hover_enabled=&#8221;off&#8221; button_border_color__hover_enabled=&#8221;off&#8221; button_one_border_color__hover_enabled=&#8221;off&#8221; button_two_border_color__hover_enabled=&#8221;off&#8221; button_border_radius__hover_enabled=&#8221;off&#8221; button_one_border_radius__hover_enabled=&#8221;off&#8221; button_two_border_radius__hover_enabled=&#8221;off&#8221; button_letter_spacing__hover_enabled=&#8221;off&#8221; button_one_letter_spacing__hover_enabled=&#8221;off&#8221; button_two_letter_spacing__hover_enabled=&#8221;off&#8221; button_bg_color__hover_enabled=&#8221;off&#8221; button_one_bg_color__hover_enabled=&#8221;off&#8221; button_two_bg_color__hover_enabled=&#8221;off&#8221;][\/et_pb_contact_field][et_pb_contact_field field_id=&#8221;Message&#8221; field_title=&#8221;Wiadomo\u015b\u0107&#8221; field_type=&#8221;text&#8221; fullwidth_field=&#8221;on&#8221; _builder_version=&#8221;4.16&#8243; global_colors_info=&#8221;{}&#8221; button_text_size__hover_enabled=&#8221;off&#8221; button_one_text_size__hover_enabled=&#8221;off&#8221; button_two_text_size__hover_enabled=&#8221;off&#8221; button_text_color__hover_enabled=&#8221;off&#8221; button_one_text_color__hover_enabled=&#8221;off&#8221; button_two_text_color__hover_enabled=&#8221;off&#8221; button_border_width__hover_enabled=&#8221;off&#8221; button_one_border_width__hover_enabled=&#8221;off&#8221; button_two_border_width__hover_enabled=&#8221;off&#8221; button_border_color__hover_enabled=&#8221;off&#8221; button_one_border_color__hover_enabled=&#8221;off&#8221; button_two_border_color__hover_enabled=&#8221;off&#8221; button_border_radius__hover_enabled=&#8221;off&#8221; button_one_border_radius__hover_enabled=&#8221;off&#8221; button_two_border_radius__hover_enabled=&#8221;off&#8221; button_letter_spacing__hover_enabled=&#8221;off&#8221; button_one_letter_spacing__hover_enabled=&#8221;off&#8221; button_two_letter_spacing__hover_enabled=&#8221;off&#8221; button_bg_color__hover_enabled=&#8221;off&#8221; button_one_bg_color__hover_enabled=&#8221;off&#8221; button_two_bg_color__hover_enabled=&#8221;off&#8221;][\/et_pb_contact_field][\/et_pb_contact_form][\/et_pb_column][\/et_pb_row][\/et_pb_section]<\/p>\n","protected":false},"excerpt":{"rendered":"<p>HiCze\u015b\u0107! Jestem OLMADzie\u0144 dobry bardzo \ud83d\ude42 &nbsp; Mam na imi\u0119 Ma\u0142gorzata, lecz na potrzeby mojej dzia\u0142alno\u015bci pisarskiej i nie tylko przybra\u0142am pseudonim OLMA . Witam wszystkich na mojej stronie i na moim blogu, kt\u00f3ry po\u015bwi\u0119cony b\u0119dzie najwi\u0119kszemu sukcesowi mojego \u017cycia \u2013 mojemu Synowi Wiktorowi. Je\u015bli chcecie dowiedzie\u0107 si\u0119 jak wychowa\u0107 szcz\u0119\u015bliwego geniusza \u2013 zapraszam serdecznie [&hellip;]<\/p>\n","protected":false},"author":1,"featured_media":0,"parent":0,"menu_order":0,"comment_status":"closed","ping_status":"closed","template":"","meta":{"_et_pb_use_builder":"on","_et_pb_old_content":"","_et_gb_content_width":"","om_disable_all_campaigns":false,"_monsterinsights_skip_tracking":false,"_monsterinsights_sitenote_active":false,"_monsterinsights_sitenote_note":"","_monsterinsights_sitenote_category":0,"_uf_show_specific_survey":0,"_uf_disable_surveys":false,"footnotes":""},"class_list":["post-47","page","type-page","status-publish","hentry"],"aioseo_notices":[],"_links":{"self":[{"href":"https:\/\/olma-om.pl\/index.php\/wp-json\/wp\/v2\/pages\/47","targetHints":{"allow":["GET"]}}],"collection":[{"href":"https:\/\/olma-om.pl\/index.php\/wp-json\/wp\/v2\/pages"}],"about":[{"href":"https:\/\/olma-om.pl\/index.php\/wp-json\/wp\/v2\/types\/page"}],"author":[{"embeddable":true,"href":"https:\/\/olma-om.pl\/index.php\/wp-json\/wp\/v2\/users\/1"}],"replies":[{"embeddable":true,"href":"https:\/\/olma-om.pl\/index.php\/wp-json\/wp\/v2\/comments?post=47"}],"version-history":[{"count":9,"href":"https:\/\/olma-om.pl\/index.php\/wp-json\/wp\/v2\/pages\/47\/revisions"}],"predecessor-version":[{"id":161,"href":"https:\/\/olma-om.pl\/index.php\/wp-json\/wp\/v2\/pages\/47\/revisions\/161"}],"wp:attachment":[{"href":"https:\/\/olma-om.pl\/index.php\/wp-json\/wp\/v2\/media?parent=47"}],"curies":[{"name":"wp","href":"https:\/\/api.w.org\/{rel}","templated":true}]}}